{"id":1128,"date":"2020-07-24T17:29:45","date_gmt":"2020-07-24T17:29:45","guid":{"rendered":"http:\/\/wellness.otg.global\/6s-quality-process\/"},"modified":"2020-09-01T15:03:57","modified_gmt":"2020-09-01T15:03:57","slug":"6s-quality-process","status":"publish","type":"page","link":"https:\/\/wellness.otg.global\/es\/6s-quality-process\/","title":{"rendered":"Proceso de Control de Calidad 6S"},"content":{"rendered":"<p>[vc_row css=\u00bb.vc_custom_1595604797809{margin-bottom: 25px !important;}\u00bb][vc_column][vc_custom_heading text=\u00bbProceso de Control de Calidad 6S\u00bb font_container=\u00bbtag:h3|text_align:left\u00bb use_theme_fonts=\u00bbyes\u00bb][\/vc_column][\/vc_row][vc_row content_placement=\u00bbmiddle\u00bb css=\u00bb.vc_custom_1595619653406{margin-bottom: 75px !important;}\u00bb][vc_column][vc_column_text]Pharmanex\u00ae utiliza tecnolog\u00eda patentada en los procesos de producci\u00f3n para mantener unos estrictos controles de calidad en todas las fases de desarrollo de un producto. La clave para una calidad consistente es el proceso de calidad 6S de Pharmanex\u00ae, que es el fundamento del enfoque de la empresa para el desarrollo de productos.[\/vc_column_text][\/vc_column][\/vc_row][vc_row content_placement=\u00bbmiddle\u00bb css=\u00bb.vc_custom_1595621189790{margin-bottom: 25px !important;}\u00bb][vc_column width=\u00bb1\/4&#8243;][vc_single_image image=\u00bb608&#8243; alignment=\u00bbcenter\u00bb][\/vc_column][vc_column width=\u00bb3\/4&#8243;][vc_column_text]<\/p>\n<h4>SELECCI\u00d3N<\/h4>\n<p>&nbsp;<\/p>\n<p style=\"text-align: left;\">Para localizar los componentes bot\u00e1nicos con las propiedades m\u00e1s eficaces para mejorar la salud, Pharmanex emplea equipos de expertos de los Estados Unidos y Asia. Estos equipos llevan a cabo investigaciones exhaustivas y compilan, revisan y sintetizan el uso hist\u00f3rico y el conocimiento actual de las propiedades bot\u00e1nicas y de sus beneficios en la salud. Pharmanex tambi\u00e9n lleva a cabo investigaciones pioneras para identificar nuevas sustancias bot\u00e1nicas, en colaboraci\u00f3n con importantes profesionales de todo el mundo. S\u00f3lo se tienen en consideraci\u00f3n aquellos componentes bot\u00e1nicos que pasan las duras pruebas de autenticidad, utilidad y seguridad de Pharmanex.<\/p>\n<p>[\/vc_column_text][\/vc_column][\/vc_row][vc_row content_placement=\u00bbmiddle\u00bb css=\u00bb.vc_custom_1595621181490{margin-bottom: 25px !important;}\u00bb][vc_column width=\u00bb1\/4&#8243;][vc_single_image image=\u00bb612&#8243; alignment=\u00bbcenter\u00bb][\/vc_column][vc_column width=\u00bb3\/4&#8243;][vc_column_text]<\/p>\n<h4>PROCEDENCIA<\/h4>\n<p>&nbsp;<\/p>\n<p style=\"text-align: left;\">Cuando Pharmanex\u00ae decide proceder con un componente bot\u00e1nico en particular, un equipo investiga las procedencias potenciales del mismo y realiza unos an\u00e1lisis exhaustivos en muestras de cada una. La procedencia puede ser nacional o internacional y puede incluir el cultivo propio de Pharmanex\u00ae en zonas de China y Chile. Pharmanex\u00ae escoge un proveedor que se base en la calidad y los niveles de concentraci\u00f3n del o de los ingredientes activos presentes en las muestras de esa procedencia.<\/p>\n<p>[\/vc_column_text][\/vc_column][\/vc_row][vc_row content_placement=\u00bbmiddle\u00bb css=\u00bb.vc_custom_1595621200426{margin-bottom: 25px !important;}\u00bb][vc_column width=\u00bb1\/4&#8243;][vc_single_image image=\u00bb613&#8243; alignment=\u00bbcenter\u00bb][\/vc_column][vc_column width=\u00bb3\/4&#8243;][vc_column_text]<\/p>\n<h4>ESTRUCTURA<\/h4>\n<p>&nbsp;<\/p>\n<p style=\"text-align: left;\">Mediante el uso de t\u00e9cnicas anal\u00edticas punteras y el trabajo conjunto con universidades y laboratorios de prestigio en China y en los Estados Unidos, Pharmanex\u00ae realiza an\u00e1lisis estructurales de los componentes naturales presentes en los ingredientes bot\u00e1nicos seleccionados. Estos an\u00e1lisis a\u00edslan y purifican las estructuras qu\u00edmicas espec\u00edficas de los extractos estandarizados, un paso fundamental para poder asegurar unos componentes bot\u00e1nicos seguros y eficaces.<\/p>\n<p>[\/vc_column_text][\/vc_column][\/vc_row][vc_row content_placement=\u00bbmiddle\u00bb css=\u00bb.vc_custom_1595621215746{margin-bottom: 25px !important;}\u00bb][vc_column width=\u00bb1\/4&#8243;][vc_single_image image=\u00bb614&#8243; alignment=\u00bbcenter\u00bb][\/vc_column][vc_column width=\u00bb3\/4&#8243;][vc_column_text]<\/p>\n<h4>ESTANDARDIZACI\u00d3N<\/h4>\n<p>&nbsp;<\/p>\n<p style=\"text-align: left;\">Las variaciones amplias en los ingredientes activos son t\u00edpicas en los componentes bot\u00e1nicos. Pharmanex\u00ae optimiza los ingredientes activos de un producto a trav\u00e9s de estrictos procesos de estandarizaci\u00f3n patentada (al menos de una mol\u00e9cula marcadora relevante). Cada c\u00e1psula de producto contiene la misma cantidad de cada ingrediente activo.<\/p>\n<p>[\/vc_column_text][\/vc_column][\/vc_row][vc_row content_placement=\u00bbmiddle\u00bb css=\u00bb.vc_custom_1595621226181{margin-bottom: 25px !important;}\u00bb][vc_column width=\u00bb1\/4&#8243;][vc_single_image image=\u00bb615&#8243; alignment=\u00bbcenter\u00bb][\/vc_column][vc_column width=\u00bb3\/4&#8243;][vc_column_text]<\/p>\n<h4>SEGURIDAD<\/h4>\n<p>&nbsp;<\/p>\n<p>Pharmanex\u00ae est\u00e1 a la vanguardia de la seguridad, con el establecimiento de unos estrictos est\u00e1ndares para garantizar la seguridad de sus productos. Los cient\u00edficos investigan y documentan el historial de uso y seguridad de un producto. La cantidad de ingredientes activos utilizada se basa en unas dosis que se han establecido como las m\u00e1s efectivas mediante pruebas cl\u00ednicas y que cuentan con el respaldo de los datos publicados en Pharmanex\u00ae. La etiqueta de todos los productos contiene las instrucciones de uso y advertencias adecuadas.[\/vc_column_text][\/vc_column][\/vc_row][vc_row css=\u00bb.vc_custom_1597235059847{margin-bottom: 80px !important;}\u00bb][vc_column width=\u00bb1\/4&#8243;][vc_single_image image=\u00bb616&#8243; alignment=\u00bbcenter\u00bb][\/vc_column][vc_column width=\u00bb3\/4&#8243;][vc_column_text]<\/p>\n<h4>COMPROBACI\u00d3N<\/h4>\n<p>&nbsp;<\/p>\n<p>Pharmanex\u00ae s\u00f3lo certifica las propiedades de sus productos que han sido comprobados en estudios cl\u00ednicos y pre-cl\u00ednicos documentados. Los datos cl\u00ednicos existentes se revisan y, si es necesario, Pharmanex\u00ae patrocina estudios cl\u00ednicos sobre sus productos. Los datos de algunos de estos estudios se env\u00edan posteriormente a las revistas internacionales m\u00e1s importantes para que los revisen. El hecho de seguir estos est\u00e1ndares cient\u00edficos para que se hagan comprobaciones ayuda a posicionar Pharmanex\u00ae como l\u00edder en la industria de los productos naturales para el cuidado de la salud. Gracias a nuestra atenci\u00f3n al detalle, las estrictas pruebas cient\u00edficas y el compromiso con la calidad aseguramos que todos los productos Pharmanex\u00ae son totalmente seguros y eficaces. El proceso de control de calidad 6S ha permitido a Pharmanex\u00ae convertirse en l\u00edder de la industria en calidad y eficacia.[\/vc_column_text][\/vc_column][\/vc_row][vc_row][vc_column width=\u00bb1\/2&#8243;][vc_video link=\u00bbhttps:\/\/youtu.be\/0OKQUOuLMCU\u00bb][vc_column_text]<\/p>\n<p style=\"text-align: left;\"><strong>The 6S Quality Process: Quick Facts with Tanner Gibb | Pharmanex<\/strong><\/p>\n<p>[\/vc_column_text][\/vc_column][vc_column width=\u00bb1\/2&#8243;][\/vc_column][\/vc_row]<\/p>\n","protected":false},"excerpt":{"rendered":"<p>[vc_row css=\u00bb.vc_custom_1595604797809{margin-bottom: 25px !important;}\u00bb][vc_column][vc_custom_heading text=\u00bbProceso de Control de Calidad 6S\u00bb font_container=\u00bbtag:h3|text_align:left\u00bb use_theme_fonts=\u00bbyes\u00bb][\/vc_column][\/vc_row][vc_row content_placement=\u00bbmiddle\u00bb css=\u00bb.vc_custom_1595619653406{margin-bottom: 75px !important;}\u00bb][vc_column][vc_column_text]Pharmanex\u00ae utiliza tecnolog\u00eda patentada en los procesos de producci\u00f3n para mantener unos estrictos controles de calidad en todas las fases de desarrollo de un producto. La clave para una calidad consistente es el proceso de calidad 6S de Pharmanex\u00ae, que [&hellip;]<\/p>\n","protected":false},"author":1,"featured_media":0,"parent":0,"menu_order":0,"comment_status":"closed","ping_status":"closed","template":"page-notitle.php","meta":[],"yoast_head":"<!-- This site is optimized with the Yoast SEO plugin v19.4 - https:\/\/yoast.com\/wordpress\/plugins\/seo\/ -->\n<title>Proceso de Control de Calidad 6S - Wellness OTG<\/title>\n<meta name=\"robots\" content=\"index, follow, max-snippet:-1, max-image-preview:large, max-video-preview:-1\" \/>\n<link rel=\"canonical\" href=\"https:\/\/wellness.otg.global\/es\/6s-quality-process\/\" \/>\n<meta property=\"og:locale\" content=\"es_ES\" \/>\n<meta property=\"og:type\" content=\"article\" \/>\n<meta property=\"og:title\" content=\"Proceso de Control de Calidad 6S - Wellness OTG\" \/>\n<meta property=\"og:description\" content=\"[vc_row css=\u00bb.vc_custom_1595604797809{margin-bottom: 25px !important;}\u00bb][vc_column][vc_custom_heading text=\u00bbProceso de Control de Calidad 6S\u00bb font_container=\u00bbtag:h3|text_align:left\u00bb use_theme_fonts=\u00bbyes\u00bb][\/vc_column][\/vc_row][vc_row content_placement=\u00bbmiddle\u00bb css=\u00bb.vc_custom_1595619653406{margin-bottom: 75px !important;}\u00bb][vc_column][vc_column_text]Pharmanex\u00ae utiliza tecnolog\u00eda patentada en los procesos de producci\u00f3n para mantener unos estrictos controles de calidad en todas las fases de desarrollo de un producto. La clave para una calidad consistente es el proceso de calidad 6S de Pharmanex\u00ae, que [&hellip;]\" \/>\n<meta property=\"og:url\" content=\"https:\/\/wellness.otg.global\/es\/6s-quality-process\/\" \/>\n<meta property=\"og:site_name\" content=\"Wellness OTG\" \/>\n<meta property=\"article:modified_time\" content=\"2020-09-01T15:03:57+00:00\" \/>\n<meta property=\"og:image\" content=\"https:\/\/wellness.otg.global\/wp-content\/uploads\/2020\/09\/fb-otg-logo-wellness.jpg\" \/>\n\t<meta property=\"og:image:width\" content=\"540\" \/>\n\t<meta property=\"og:image:height\" content=\"284\" \/>\n\t<meta property=\"og:image:type\" content=\"image\/jpeg\" \/>\n<meta name=\"twitter:card\" content=\"summary_large_image\" \/>\n<meta name=\"twitter:label1\" content=\"Tiempo de lectura\" \/>\n\t<meta name=\"twitter:data1\" content=\"5 minutos\" \/>\n<script type=\"application\/ld+json\" class=\"yoast-schema-graph\">{\"@context\":\"https:\/\/schema.org\",\"@graph\":[{\"@type\":\"WebSite\",\"@id\":\"https:\/\/wellness.otg.global\/#website\",\"url\":\"https:\/\/wellness.otg.global\/\",\"name\":\"Wellness OTG\",\"description\":\"\",\"potentialAction\":[{\"@type\":\"SearchAction\",\"target\":{\"@type\":\"EntryPoint\",\"urlTemplate\":\"https:\/\/wellness.otg.global\/?s={search_term_string}\"},\"query-input\":\"required name=search_term_string\"}],\"inLanguage\":\"es\"},{\"@type\":\"WebPage\",\"@id\":\"https:\/\/wellness.otg.global\/es\/6s-quality-process\/\",\"url\":\"https:\/\/wellness.otg.global\/es\/6s-quality-process\/\",\"name\":\"Proceso de Control de Calidad 6S - Wellness OTG\",\"isPartOf\":{\"@id\":\"https:\/\/wellness.otg.global\/#website\"},\"datePublished\":\"2020-07-24T17:29:45+00:00\",\"dateModified\":\"2020-09-01T15:03:57+00:00\",\"breadcrumb\":{\"@id\":\"https:\/\/wellness.otg.global\/es\/6s-quality-process\/#breadcrumb\"},\"inLanguage\":\"es\",\"potentialAction\":[{\"@type\":\"ReadAction\",\"target\":[\"https:\/\/wellness.otg.global\/es\/6s-quality-process\/\"]}]},{\"@type\":\"BreadcrumbList\",\"@id\":\"https:\/\/wellness.otg.global\/es\/6s-quality-process\/#breadcrumb\",\"itemListElement\":[{\"@type\":\"ListItem\",\"position\":1,\"name\":\"Home\",\"item\":\"https:\/\/wellness.otg.global\/es\/\"},{\"@type\":\"ListItem\",\"position\":2,\"name\":\"Proceso de Control de Calidad 6S\"}]}]}<\/script>\n<!-- \/ Yoast SEO plugin. -->","yoast_head_json":{"title":"Proceso de Control de Calidad 6S - Wellness OTG","robots":{"index":"index","follow":"follow","max-snippet":"max-snippet:-1","max-image-preview":"max-image-preview:large","max-video-preview":"max-video-preview:-1"},"canonical":"https:\/\/wellness.otg.global\/es\/6s-quality-process\/","og_locale":"es_ES","og_type":"article","og_title":"Proceso de Control de Calidad 6S - Wellness OTG","og_description":"[vc_row css=\u00bb.vc_custom_1595604797809{margin-bottom: 25px !important;}\u00bb][vc_column][vc_custom_heading text=\u00bbProceso de Control de Calidad 6S\u00bb font_container=\u00bbtag:h3|text_align:left\u00bb use_theme_fonts=\u00bbyes\u00bb][\/vc_column][\/vc_row][vc_row content_placement=\u00bbmiddle\u00bb css=\u00bb.vc_custom_1595619653406{margin-bottom: 75px !important;}\u00bb][vc_column][vc_column_text]Pharmanex\u00ae utiliza tecnolog\u00eda patentada en los procesos de producci\u00f3n para mantener unos estrictos controles de calidad en todas las fases de desarrollo de un producto. La clave para una calidad consistente es el proceso de calidad 6S de Pharmanex\u00ae, que [&hellip;]","og_url":"https:\/\/wellness.otg.global\/es\/6s-quality-process\/","og_site_name":"Wellness OTG","article_modified_time":"2020-09-01T15:03:57+00:00","og_image":[{"width":540,"height":284,"url":"https:\/\/wellness.otg.global\/wp-content\/uploads\/2020\/09\/fb-otg-logo-wellness.jpg","type":"image\/jpeg"}],"twitter_card":"summary_large_image","twitter_misc":{"Tiempo de lectura":"5 minutos"},"schema":{"@context":"https:\/\/schema.org","@graph":[{"@type":"WebSite","@id":"https:\/\/wellness.otg.global\/#website","url":"https:\/\/wellness.otg.global\/","name":"Wellness OTG","description":"","potentialAction":[{"@type":"SearchAction","target":{"@type":"EntryPoint","urlTemplate":"https:\/\/wellness.otg.global\/?s={search_term_string}"},"query-input":"required name=search_term_string"}],"inLanguage":"es"},{"@type":"WebPage","@id":"https:\/\/wellness.otg.global\/es\/6s-quality-process\/","url":"https:\/\/wellness.otg.global\/es\/6s-quality-process\/","name":"Proceso de Control de Calidad 6S - Wellness OTG","isPartOf":{"@id":"https:\/\/wellness.otg.global\/#website"},"datePublished":"2020-07-24T17:29:45+00:00","dateModified":"2020-09-01T15:03:57+00:00","breadcrumb":{"@id":"https:\/\/wellness.otg.global\/es\/6s-quality-process\/#breadcrumb"},"inLanguage":"es","potentialAction":[{"@type":"ReadAction","target":["https:\/\/wellness.otg.global\/es\/6s-quality-process\/"]}]},{"@type":"BreadcrumbList","@id":"https:\/\/wellness.otg.global\/es\/6s-quality-process\/#breadcrumb","itemListElement":[{"@type":"ListItem","position":1,"name":"Home","item":"https:\/\/wellness.otg.global\/es\/"},{"@type":"ListItem","position":2,"name":"Proceso de Control de Calidad 6S"}]}]}},"_links":{"self":[{"href":"https:\/\/wellness.otg.global\/es\/wp-json\/wp\/v2\/pages\/1128"}],"collection":[{"href":"https:\/\/wellness.otg.global\/es\/wp-json\/wp\/v2\/pages"}],"about":[{"href":"https:\/\/wellness.otg.global\/es\/wp-json\/wp\/v2\/types\/page"}],"author":[{"embeddable":true,"href":"https:\/\/wellness.otg.global\/es\/wp-json\/wp\/v2\/users\/1"}],"replies":[{"embeddable":true,"href":"https:\/\/wellness.otg.global\/es\/wp-json\/wp\/v2\/comments?post=1128"}],"version-history":[{"count":5,"href":"https:\/\/wellness.otg.global\/es\/wp-json\/wp\/v2\/pages\/1128\/revisions"}],"predecessor-version":[{"id":1654,"href":"https:\/\/wellness.otg.global\/es\/wp-json\/wp\/v2\/pages\/1128\/revisions\/1654"}],"wp:attachment":[{"href":"https:\/\/wellness.otg.global\/es\/wp-json\/wp\/v2\/media?parent=1128"}],"curies":[{"name":"wp","href":"https:\/\/api.w.org\/{rel}","templated":true}]}}