{"id":1146,"date":"2020-07-24T16:15:55","date_gmt":"2020-07-24T16:15:55","guid":{"rendered":"http:\/\/wellness.otg.global\/learn-about-pharmanex\/"},"modified":"2020-08-31T16:47:17","modified_gmt":"2020-08-31T16:47:17","slug":"learn-about-pharmanex","status":"publish","type":"page","link":"https:\/\/wellness.otg.global\/es\/learn-about-pharmanex\/","title":{"rendered":"Conocer sobre Pharmanex"},"content":{"rendered":"<p>[vc_row][vc_column][vc_custom_heading text=\u00bbLA DIFERENCIA DE PHARMANEX\u00bb font_container=\u00bbtag:h3|text_align:left\u00bb use_theme_fonts=\u00bbyes\u00bb css=\u00bb.vc_custom_1598891919101{margin-bottom: 15px !important;}\u00bb][\/vc_column][\/vc_row][vc_row css=\u00bb.vc_custom_1595604797809{margin-bottom: 25px !important;}\u00bb][vc_column width=\u00bb2\/3&#8243;][vc_column_text]<\/p>\n<h4>Pharmanex\u00ae, una empresa dedicada a la salud natural diferente<\/h4>\n<p>[\/vc_column_text][\/vc_column][vc_column width=\u00bb1\/3&#8243;][vc_single_image image=\u00bb729&#8243; img_size=\u00bbmedium\u00bb alignment=\u00bbcenter\u00bb][\/vc_column][\/vc_row][vc_row css=\u00bb.vc_custom_1595604896278{margin-bottom: 75px !important;}\u00bb][vc_column][vc_column_text]<\/p>\n<p style=\"text-align: left;\">La diferencia es evidente: Pharmanex\u00ae es un modelo para el sector en cuanto a la integridad cient\u00edfica. Los cient\u00edficos de Pharmanex\u00ae examinan los procesos naturales y saludables que se producen en el cuerpo y determinan la manera en que se pueden mejorar mediante complementos nutricionales. Despu\u00e9s de sopesar estos factores, s\u00f3lo se llevan a la siguiente fase de desarrollo aquellas sustancias que resultan seguras y efectivas para una buena salud.<\/p>\n<p>&nbsp;<\/p>\n<p style=\"text-align: left;\">Una vez seleccionados, todos los ingredientes de Pharmanex\u00ae se someten a un an\u00e1lisis cient\u00edfico muy riguroso conocido como la Garant\u00eda de Calidad 6S. Este proceso de fabricaci\u00f3n patentado, basado en la selecci\u00f3n, suministro, estructura, estandarizaci\u00f3n, seguridad y sustanciaci\u00f3n, hace que Pharmanex\u00ae sea l\u00edder en calidad y eficacia. La empresa satisface con creces los est\u00e1ndares de las Buenas pr\u00e1cticas de fabricaci\u00f3n (BPF) que establece la Administraci\u00f3n de alimentos y f\u00e1rmacos en esta categor\u00eda de productos.<\/p>\n<p>&nbsp;<\/p>\n<p style=\"text-align: left;\">Actualmente, el equipo de desarrollo e investigaci\u00f3n de Pharmanex\u00ae cuenta con m\u00e1s de 75 cient\u00edficos en plantilla. Estos cient\u00edficos se encargan de revisar los estudios cient\u00edficos y cl\u00ednicos publicados para identificar los elementos bot\u00e1nicos que tienen propiedades que puedan estimular la salud.<\/p>\n<p>&nbsp;<\/p>\n<p style=\"text-align: left;\">La marca Pharmanex\u00ae de complementos nutricionales basados en la ciencia forma parte de Nu Skin Enterprises, una empresa de venta directa en todo el mundo que opera en 48 mercados de Asia, Am\u00e9rica y Europa.<\/p>\n<p>[\/vc_column_text][\/vc_column][\/vc_row][vc_row css=\u00bb.vc_custom_1595608347860{margin-bottom: 50px !important;}\u00bb][vc_column width=\u00bb1\/2&#8243;][vc_video link=\u00bbhttps:\/\/youtu.be\/LHCifqJUcU4&#8243;][vc_column_text]<\/p>\n<p class=\"title style-scope ytd-video-primary-info-renderer\" style=\"text-align: left;\"><strong>\u00bf<\/strong><strong>Qu\u00e9 es el\u00a0estr\u00e9s\u00a0oxidativo? Tanner Gibb te contesta | Pharmanex (pronto disponible con\u00a0subt\u00edtulos en ES)<\/strong><\/p>\n<p>[\/vc_column_text][\/vc_column][vc_column width=\u00bb1\/2&#8243;][vc_video link=\u00bbhttps:\/\/youtu.be\/UpcRY2SmsEc\u00bb][vc_column_text]<\/p>\n<p class=\"title style-scope ytd-video-primary-info-renderer\" style=\"text-align: left;\"><strong>\u00bfDe d\u00f3nde vienen los antioxidantes? \u00a0<\/strong><strong>Tanner Gibb te contesta | Pharmanex (pronto disponible con\u00a0subt\u00edtulos en ES)<\/strong><\/p>\n<p>[\/vc_column_text][\/vc_column][\/vc_row][vc_row css=\u00bb.vc_custom_1595608357065{margin-bottom: 50px !important;}\u00bb][vc_column width=\u00bb1\/2&#8243;][vc_video link=\u00bbhttps:\/\/www.youtube.com\/watch?v=ioTJdJtj65A&amp;feature=youtu.be\u00bb][vc_column_text]<\/p>\n<p class=\"title style-scope ytd-video-primary-info-renderer\" style=\"text-align: left;\"><strong>\u00bfQu\u00e9 son los\u00a0antioxidantes? \u00a0Tanner Gibb te contesta | Pharmanex (pronto disponible con\u00a0subt\u00edtulos en ES)<\/strong><\/p>\n<p>[\/vc_column_text][\/vc_column][vc_column width=\u00bb1\/2&#8243;][vc_video link=\u00bbhttps:\/\/youtu.be\/EMWGZnYYg9o\u00bb][vc_column_text]<\/p>\n<p class=\"title style-scope ytd-video-primary-info-renderer\" style=\"text-align: left;\"><strong>Disminuci\u00f3n de la energ\u00eda y Envejecimiento: Tanner Gibb te contesta | Pharmanex (pronto disponible con\u00a0subt\u00edtulos en ES)<\/strong><\/p>\n<p>[\/vc_column_text][\/vc_column][\/vc_row]<\/p>\n","protected":false},"excerpt":{"rendered":"<p>[vc_row][vc_column][vc_custom_heading text=\u00bbLA DIFERENCIA DE PHARMANEX\u00bb font_container=\u00bbtag:h3|text_align:left\u00bb use_theme_fonts=\u00bbyes\u00bb css=\u00bb.vc_custom_1598891919101{margin-bottom: 15px !important;}\u00bb][\/vc_column][\/vc_row][vc_row css=\u00bb.vc_custom_1595604797809{margin-bottom: 25px !important;}\u00bb][vc_column width=\u00bb2\/3&#8243;][vc_column_text] Pharmanex\u00ae, una empresa dedicada a la salud natural diferente [\/vc_column_text][\/vc_column][vc_column width=\u00bb1\/3&#8243;][vc_single_image image=\u00bb729&#8243; img_size=\u00bbmedium\u00bb alignment=\u00bbcenter\u00bb][\/vc_column][\/vc_row][vc_row css=\u00bb.vc_custom_1595604896278{margin-bottom: 75px !important;}\u00bb][vc_column][vc_column_text] La diferencia es evidente: Pharmanex\u00ae es un modelo para el sector en cuanto a la integridad cient\u00edfica. Los cient\u00edficos de Pharmanex\u00ae examinan los procesos [&hellip;]<\/p>\n","protected":false},"author":1,"featured_media":0,"parent":0,"menu_order":0,"comment_status":"closed","ping_status":"closed","template":"page-notitle.php","meta":[],"yoast_head":"<!-- This site is optimized with the Yoast SEO plugin v19.4 - https:\/\/yoast.com\/wordpress\/plugins\/seo\/ -->\n<title>Conocer sobre Pharmanex - Wellness OTG<\/title>\n<meta name=\"robots\" content=\"index, follow, max-snippet:-1, max-image-preview:large, max-video-preview:-1\" \/>\n<link rel=\"canonical\" href=\"https:\/\/wellness.otg.global\/es\/learn-about-pharmanex\/\" \/>\n<meta property=\"og:locale\" content=\"es_ES\" \/>\n<meta property=\"og:type\" content=\"article\" \/>\n<meta property=\"og:title\" content=\"Conocer sobre Pharmanex - Wellness OTG\" \/>\n<meta property=\"og:description\" content=\"[vc_row][vc_column][vc_custom_heading text=\u00bbLA DIFERENCIA DE PHARMANEX\u00bb font_container=\u00bbtag:h3|text_align:left\u00bb use_theme_fonts=\u00bbyes\u00bb css=\u00bb.vc_custom_1598891919101{margin-bottom: 15px !important;}\u00bb][\/vc_column][\/vc_row][vc_row css=\u00bb.vc_custom_1595604797809{margin-bottom: 25px !important;}\u00bb][vc_column width=\u00bb2\/3&#8243;][vc_column_text] Pharmanex\u00ae, una empresa dedicada a la salud natural diferente [\/vc_column_text][\/vc_column][vc_column width=\u00bb1\/3&#8243;][vc_single_image image=\u00bb729&#8243; img_size=\u00bbmedium\u00bb alignment=\u00bbcenter\u00bb][\/vc_column][\/vc_row][vc_row css=\u00bb.vc_custom_1595604896278{margin-bottom: 75px !important;}\u00bb][vc_column][vc_column_text] La diferencia es evidente: Pharmanex\u00ae es un modelo para el sector en cuanto a la integridad cient\u00edfica. Los cient\u00edficos de Pharmanex\u00ae examinan los procesos [&hellip;]\" \/>\n<meta property=\"og:url\" content=\"https:\/\/wellness.otg.global\/es\/learn-about-pharmanex\/\" \/>\n<meta property=\"og:site_name\" content=\"Wellness OTG\" \/>\n<meta property=\"article:modified_time\" content=\"2020-08-31T16:47:17+00:00\" \/>\n<meta property=\"og:image\" content=\"https:\/\/wellness.otg.global\/wp-content\/uploads\/2020\/09\/fb-otg-logo-wellness.jpg\" \/>\n\t<meta property=\"og:image:width\" content=\"540\" \/>\n\t<meta property=\"og:image:height\" content=\"284\" \/>\n\t<meta property=\"og:image:type\" content=\"image\/jpeg\" \/>\n<meta name=\"twitter:card\" content=\"summary_large_image\" \/>\n<meta name=\"twitter:label1\" content=\"Tiempo de lectura\" \/>\n\t<meta name=\"twitter:data1\" content=\"3 minutos\" \/>\n<script type=\"application\/ld+json\" class=\"yoast-schema-graph\">{\"@context\":\"https:\/\/schema.org\",\"@graph\":[{\"@type\":\"WebSite\",\"@id\":\"https:\/\/wellness.otg.global\/ja\/#website\",\"url\":\"https:\/\/wellness.otg.global\/ja\/\",\"name\":\"Wellness OTG\",\"description\":\"\",\"potentialAction\":[{\"@type\":\"SearchAction\",\"target\":{\"@type\":\"EntryPoint\",\"urlTemplate\":\"https:\/\/wellness.otg.global\/ja\/?s={search_term_string}\"},\"query-input\":\"required name=search_term_string\"}],\"inLanguage\":\"es\"},{\"@type\":\"WebPage\",\"@id\":\"https:\/\/wellness.otg.global\/es\/learn-about-pharmanex\/\",\"url\":\"https:\/\/wellness.otg.global\/es\/learn-about-pharmanex\/\",\"name\":\"Conocer sobre Pharmanex - Wellness OTG\",\"isPartOf\":{\"@id\":\"https:\/\/wellness.otg.global\/ja\/#website\"},\"datePublished\":\"2020-07-24T16:15:55+00:00\",\"dateModified\":\"2020-08-31T16:47:17+00:00\",\"breadcrumb\":{\"@id\":\"https:\/\/wellness.otg.global\/es\/learn-about-pharmanex\/#breadcrumb\"},\"inLanguage\":\"es\",\"potentialAction\":[{\"@type\":\"ReadAction\",\"target\":[\"https:\/\/wellness.otg.global\/es\/learn-about-pharmanex\/\"]}]},{\"@type\":\"BreadcrumbList\",\"@id\":\"https:\/\/wellness.otg.global\/es\/learn-about-pharmanex\/#breadcrumb\",\"itemListElement\":[{\"@type\":\"ListItem\",\"position\":1,\"name\":\"Home\",\"item\":\"https:\/\/www.wellness.otg.global\/es\/\"},{\"@type\":\"ListItem\",\"position\":2,\"name\":\"Conocer sobre Pharmanex\"}]}]}<\/script>\n<!-- \/ Yoast SEO plugin. -->","yoast_head_json":{"title":"Conocer sobre Pharmanex - Wellness OTG","robots":{"index":"index","follow":"follow","max-snippet":"max-snippet:-1","max-image-preview":"max-image-preview:large","max-video-preview":"max-video-preview:-1"},"canonical":"https:\/\/wellness.otg.global\/es\/learn-about-pharmanex\/","og_locale":"es_ES","og_type":"article","og_title":"Conocer sobre Pharmanex - Wellness OTG","og_description":"[vc_row][vc_column][vc_custom_heading text=\u00bbLA DIFERENCIA DE PHARMANEX\u00bb font_container=\u00bbtag:h3|text_align:left\u00bb use_theme_fonts=\u00bbyes\u00bb css=\u00bb.vc_custom_1598891919101{margin-bottom: 15px !important;}\u00bb][\/vc_column][\/vc_row][vc_row css=\u00bb.vc_custom_1595604797809{margin-bottom: 25px !important;}\u00bb][vc_column width=\u00bb2\/3&#8243;][vc_column_text] Pharmanex\u00ae, una empresa dedicada a la salud natural diferente [\/vc_column_text][\/vc_column][vc_column width=\u00bb1\/3&#8243;][vc_single_image image=\u00bb729&#8243; img_size=\u00bbmedium\u00bb alignment=\u00bbcenter\u00bb][\/vc_column][\/vc_row][vc_row css=\u00bb.vc_custom_1595604896278{margin-bottom: 75px !important;}\u00bb][vc_column][vc_column_text] La diferencia es evidente: Pharmanex\u00ae es un modelo para el sector en cuanto a la integridad cient\u00edfica. Los cient\u00edficos de Pharmanex\u00ae examinan los procesos [&hellip;]","og_url":"https:\/\/wellness.otg.global\/es\/learn-about-pharmanex\/","og_site_name":"Wellness OTG","article_modified_time":"2020-08-31T16:47:17+00:00","og_image":[{"width":540,"height":284,"url":"https:\/\/wellness.otg.global\/wp-content\/uploads\/2020\/09\/fb-otg-logo-wellness.jpg","type":"image\/jpeg"}],"twitter_card":"summary_large_image","twitter_misc":{"Tiempo de lectura":"3 minutos"},"schema":{"@context":"https:\/\/schema.org","@graph":[{"@type":"WebSite","@id":"https:\/\/wellness.otg.global\/ja\/#website","url":"https:\/\/wellness.otg.global\/ja\/","name":"Wellness OTG","description":"","potentialAction":[{"@type":"SearchAction","target":{"@type":"EntryPoint","urlTemplate":"https:\/\/wellness.otg.global\/ja\/?s={search_term_string}"},"query-input":"required name=search_term_string"}],"inLanguage":"es"},{"@type":"WebPage","@id":"https:\/\/wellness.otg.global\/es\/learn-about-pharmanex\/","url":"https:\/\/wellness.otg.global\/es\/learn-about-pharmanex\/","name":"Conocer sobre Pharmanex - Wellness OTG","isPartOf":{"@id":"https:\/\/wellness.otg.global\/ja\/#website"},"datePublished":"2020-07-24T16:15:55+00:00","dateModified":"2020-08-31T16:47:17+00:00","breadcrumb":{"@id":"https:\/\/wellness.otg.global\/es\/learn-about-pharmanex\/#breadcrumb"},"inLanguage":"es","potentialAction":[{"@type":"ReadAction","target":["https:\/\/wellness.otg.global\/es\/learn-about-pharmanex\/"]}]},{"@type":"BreadcrumbList","@id":"https:\/\/wellness.otg.global\/es\/learn-about-pharmanex\/#breadcrumb","itemListElement":[{"@type":"ListItem","position":1,"name":"Home","item":"https:\/\/www.wellness.otg.global\/es\/"},{"@type":"ListItem","position":2,"name":"Conocer sobre Pharmanex"}]}]}},"_links":{"self":[{"href":"https:\/\/wellness.otg.global\/es\/wp-json\/wp\/v2\/pages\/1146"}],"collection":[{"href":"https:\/\/wellness.otg.global\/es\/wp-json\/wp\/v2\/pages"}],"about":[{"href":"https:\/\/wellness.otg.global\/es\/wp-json\/wp\/v2\/types\/page"}],"author":[{"embeddable":true,"href":"https:\/\/wellness.otg.global\/es\/wp-json\/wp\/v2\/users\/1"}],"replies":[{"embeddable":true,"href":"https:\/\/wellness.otg.global\/es\/wp-json\/wp\/v2\/comments?post=1146"}],"version-history":[{"count":3,"href":"https:\/\/wellness.otg.global\/es\/wp-json\/wp\/v2\/pages\/1146\/revisions"}],"predecessor-version":[{"id":1485,"href":"https:\/\/wellness.otg.global\/es\/wp-json\/wp\/v2\/pages\/1146\/revisions\/1485"}],"wp:attachment":[{"href":"https:\/\/wellness.otg.global\/es\/wp-json\/wp\/v2\/media?parent=1146"}],"curies":[{"name":"wp","href":"https:\/\/api.w.org\/{rel}","templated":true}]}}