{"id":1796,"date":"2020-12-11T20:18:36","date_gmt":"2020-12-11T20:18:36","guid":{"rendered":"http:\/\/wellness.otg.global\/?page_id=1796"},"modified":"2020-12-11T20:18:36","modified_gmt":"2020-12-11T20:18:36","slug":"aviso-legal","status":"publish","type":"page","link":"https:\/\/wellness.otg.global\/es\/aviso-legal\/","title":{"rendered":"Aviso Legal"},"content":{"rendered":"<p>[vc_row][vc_column][vc_column_text]<b>DATOS IDENTIFICATIVOS<\/b><\/p>\n<ol>\n<li><span style=\"font-weight: 400;\"> Usted est\u00e1 visitando la p\u00e1gina web\u00a0 https:\/\/wellness.otg.global\/<\/span><span style=\"font-weight: 400;\">\u00a0<\/span><span style=\"font-weight: 400;\">titularidad de ASOCIACION OTG WEST EUROPE, con domicilio social en C\/ PRINCIPE 53, 1 OFICINAS 4-5 (36202 VIGO) PONTEVEDRA, con N.I.F. G27802560, inscrita en el Registro Nacional de Asociaciones Grupo 1 \/ Secci\u00f3n 1\u00aa \/ N\u00famero Nacional 606062, en adelante EL TITULAR.<\/span><\/li>\n<\/ol>\n<p><span style=\"font-weight: 400;\">Puede contactar escribiendo a: <\/span><span style=\"font-weight: 400;\">support@otgwesteurope.eu<\/span><\/p>\n<p><b>USUARIOS<\/b><\/p>\n<ol start=\"2\">\n<li><span style=\"font-weight: 400;\"> Las presentes condiciones (en adelante Aviso Legal) tiene por finalidad regular el uso de la p\u00e1gina web de EL TITULAR que pone a disposici\u00f3n del p\u00fablico.<\/span><\/li>\n<\/ol>\n<p><span style=\"font-weight: 400;\">El acceso y\/o uso de esta p\u00e1gina web atribuye la condici\u00f3n de USUARIO, que acepta, desde dicho acceso y\/o uso, las condiciones generales de uso aqu\u00ed reflejadas. Las citadas condiciones ser\u00e1n de aplicaci\u00f3n independientemente de las condiciones generales de contrataci\u00f3n que en su caso resulten de obligado cumplimiento.<\/span><\/p>\n<p><b>USO DEL PORTAL<\/b><\/p>\n<ol start=\"3\">\n<li><span style=\"font-weight: 400;\">https:\/\/wellness.otg.global\/\u00a0<\/span><span style=\"font-weight: 400;\">proporciona el acceso a multitud de informaciones, servicios, programas o datos (en adelante, \u201clos contenidos\u201d) en Internet pertenecientes a EL TITULAR o a sus licenciantes a los que el USUARIO puede tener acceso.<\/span><\/li>\n<\/ol>\n<p><span style=\"font-weight: 400;\">El usuario asume la responsabilidad del uso del portal. Dicha responsabilidad se extiende al registro que fuese necesario para acceder a determinados servicios o contenidos. En dicho registro el USUARIO ser\u00e1 responsable de aportar informaci\u00f3n veraz y l\u00edcita. Como consecuencia de este registro, al USUARIO se le puede proporcionar una contrase\u00f1a de la que ser\u00e1 responsable, comprometi\u00e9ndose a hacer un uso diligente y confidencial de la misma.<\/span><\/p>\n<p><span style=\"font-weight: 400;\">El USUARIO se compromete a hacer un uso adecuado de los contenidos y servicios (p.e. servicios de chat, foros de discusi\u00f3n o grupos de noticias) que EL TITULAR ofrece a trav\u00e9s de su portal y con car\u00e1cter enunciativo pero no limitativo, a no emplearlos para:<\/span><\/p>\n<ul>\n<li style=\"font-weight: 400;\"><span style=\"font-weight: 400;\">Incurrir en actividades il\u00edcitas, ilegales o contrarias a la buena fe y al orden p\u00fablico.\u00a0<\/span><\/li>\n<li style=\"font-weight: 400;\"><span style=\"font-weight: 400;\">Difundir contenidos o propaganda racista, xen\u00f3foba, pornogr\u00e1fico-ilegal, de apolog\u00eda del terrorismo o atentatoria contra los derechos humanos.\u00a0<\/span><\/li>\n<li style=\"font-weight: 400;\"><span style=\"font-weight: 400;\">Provocar da\u00f1os en los sistemas f\u00edsicos y l\u00f3gicos de ASOCIACION OTG WEST EUROPE,<\/span> <span style=\"font-weight: 400;\">de sus proveedores o de terceras personas, introducir o difundir en la red virus inform\u00e1ticos o cualesquiera otros sistemas f\u00edsicos o l\u00f3gicos que sean susceptibles de provocar los da\u00f1os anteriormente mencionados.<\/span><\/li>\n<li style=\"font-weight: 400;\"><span style=\"font-weight: 400;\">Intentar acceder y, en su caso, utilizar las cuentas de correo electr\u00f3nico de otros usuarios y modificar o manipular sus mensajes.<\/span><\/li>\n<li style=\"font-weight: 400;\"><span style=\"font-weight: 400;\">Utilizar el sitio web ni las informaciones que en \u00e9l se contienen con fines comerciales, pol\u00edticos, publicitarios y para cualquier uso comercial, sobre todo en el env\u00edo de correos electr\u00f3nicos no solicitados.\u00a0<\/span><\/li>\n<\/ul>\n<p><span style=\"font-weight: 400;\">EL TITULAR se reserva el derecho a retirar todos aquellos comentarios y aportaciones que vulneren el respeto a la dignidad de la persona, que sean discriminatorios, xen\u00f3fobos, racistas pornogr\u00e1ficos, que atenten contra la juventud o la infancia, el orden o la seguridad p\u00fablica o que, a su juicio, no resultaran adecuados para su publicaci\u00f3n. En cualquier caso, EL TITULAR no ser\u00e1 responsable de las opiniones vertidas por los usuarios a trav\u00e9s de los foros, chats, u otras herramientas de participaci\u00f3n.\u00a0<\/span><\/p>\n<p><b>PROTECCI\u00d3N DE DATOS<\/b><\/p>\n<ol start=\"4\">\n<li><span style=\"font-weight: 400;\"> Todo lo relativo a la pol\u00edtica de protecci\u00f3n de datos se encuentra recogido en el documento de pol\u00edtica de privacidad.<\/span><\/li>\n<\/ol>\n<p><b>CONTENIDOS. PROPIEDAD INTELECTUAL E INDUSTRIAL<\/b><\/p>\n<ol start=\"5\">\n<li><span style=\"font-weight: 400;\"> EL TITULAR es propietario de todos los derechos de propiedad intelectual e industrial de su p\u00e1gina web, as\u00ed como de los elementos contenidos en la misma (a t\u00edtulo enunciativo: im\u00e1genes, fotograf\u00edas, sonido, audio, v\u00eddeo, software o textos; marcas o logotipos, combinaciones de colores, estructura y dise\u00f1o, selecci\u00f3n de materiales usados, programas de ordenador necesarios para su funcionamiento, acceso y uso, etc), titularidad del TITULAR o bien de sus licenciantes.<\/span><\/li>\n<\/ol>\n<p><span style=\"font-weight: 400;\">Todos los derechos reservados. En virtud de lo dispuesto en los art\u00edculos 8 y 32.1, p\u00e1rrafo segundo, de la Ley de Propiedad Intelectual, quedan expresamente prohibidas la reproducci\u00f3n, la distribuci\u00f3n y la comunicaci\u00f3n p\u00fablica, incluida su modalidad de puesta a disposici\u00f3n, de la totalidad o parte de los contenidos de esta p\u00e1gina web, con fines comerciales, en cualquier soporte y por cualquier medio t\u00e9cnico, sin la autorizaci\u00f3n del TITULAR.<\/span><\/p>\n<p><b>EXCLUSI\u00d3N DE GARANT\u00cdAS Y RESPONSABILIDAD<\/b><\/p>\n<ol start=\"6\">\n<li><span style=\"font-weight: 400;\"> EL USUARIO reconoce que la utilizaci\u00f3n de la p\u00e1gina web y de sus contenidos y servicios se desarrolla bajo su exclusiva responsabilidad. En concreto, a t\u00edtulo meramente enunciativo, EL TITULAR no asume ninguna responsabilidad en los siguientes \u00e1mbitos:<\/span><\/li>\n<\/ol>\n<ul>\n<li style=\"font-weight: 400;\"><span style=\"font-weight: 400;\">La disponibilidad del funcionamiento de la p\u00e1gina web, sus servicios y contenidos y su calidad o interoperabilidad.<\/span><\/li>\n<li style=\"font-weight: 400;\"><span style=\"font-weight: 400;\">La finalidad para la que la p\u00e1gina web sirva a los objetivos del USUARIO.<\/span><\/li>\n<li style=\"font-weight: 400;\"><span style=\"font-weight: 400;\">La infracci\u00f3n de la legislaci\u00f3n vigente por parte del USUARIO o terceros y, en concreto, de los derechos de propiedad intelectual e industrial que sean titularidad de otras personas o entidades.<\/span><\/li>\n<li style=\"font-weight: 400;\"><span style=\"font-weight: 400;\">La existencia de c\u00f3digos maliciosos o cualquier otro elemento inform\u00e1tico da\u00f1ino que pudiera causar el sistema inform\u00e1tico del USUARIO o de terceros. Corresponde al USUARIO, en todo caso, disponer de herramientas adecuadas para la detecci\u00f3n y desinfecci\u00f3n de estos elementos.<\/span><\/li>\n<li style=\"font-weight: 400;\"><span style=\"font-weight: 400;\">El acceso fraudulento a los contenidos o servicios por terceros no autorizados, o, en su caso, la captura, eliminaci\u00f3n, alteraci\u00f3n, modificaci\u00f3n o manipulaci\u00f3n de los mensajes y comunicaciones de cualquier clase que dichos terceros pudieran realizar.<\/span><\/li>\n<li style=\"font-weight: 400;\"><span style=\"font-weight: 400;\">La exactitud, veracidad, actualidad y utilidad de los contenidos y servicios ofrecidos y la utilizaci\u00f3n posterior que de ellos haga el USUARIO. EL TITULAR emplear\u00e1 todos los esfuerzos y medios razonables para facilitar la informaci\u00f3n actualizada y fehaciente.<\/span><\/li>\n<li style=\"font-weight: 400;\"><span style=\"font-weight: 400;\">Los da\u00f1os producidos a equipos inform\u00e1ticos durante el acceso a la p\u00e1gina web y los da\u00f1os producidos a los USUARIOS cuando tengan su origen en fallos o desconexiones en las redes de telecomunicaciones que interrumpan el servicio.<\/span><\/li>\n<li style=\"font-weight: 400;\"><span style=\"font-weight: 400;\">Los da\u00f1os o perjuicios que se deriven de circunstancias acaecidas por caso fortuito o fuerza mayor.<\/span><\/li>\n<\/ul>\n<p><span style=\"font-weight: 400;\">En caso de que existan foros, el uso de los mismos u otros espacios an\u00e1logos, ha de tenerse en cuenta que los mensajes reflejen \u00fanicamente la opini\u00f3n del USUARIO que los remite, que es el \u00fanico responsable. EL TITULAR no se hace responsable del contenido de los mensajes enviados por el USUARIO.\u00a0<\/span><\/p>\n<p><b>MODIFICACI\u00d3N DE ESTE AVISO LEGAL Y DURACI\u00d3N<\/b><\/p>\n<ol start=\"7\">\n<li><span style=\"font-weight: 400;\"> EL TITULAR se reserva el derecho de efectuar sin previo aviso las modificaciones que considere oportunas en su portal, pudiendo cambiar, suprimir o a\u00f1adir tantos contenidos y servicios que se presten a trav\u00e9s de la misma, como la forma en la que \u00e9stos aparezcan representados o localizados en su portal.<\/span><\/li>\n<\/ol>\n<p><span style=\"font-weight: 400;\">La vigencia de las citadas condiciones ir\u00e1 en funci\u00f3n de su exposici\u00f3n y estar\u00e1n vigentes hasta que sean modificadas por otras debidamente publicadas.<\/span><\/p>\n<p><b>ENLACES<\/b><\/p>\n<ol start=\"8\">\n<li><span style=\"font-weight: 400;\"> En el caso de que en https:\/\/wellness.otg.global\/<\/span><span style=\"font-weight: 400;\">\u00a0<\/span><span style=\"font-weight: 400;\">se incluyesen enlaces o hiperv\u00ednculos hacia otros sitios de Internet, EL TITULAR no ejercer\u00e1 ning\u00fan tipo de control sobre dichos sitios y contenidos. En ning\u00fan caso EL TITULAR asumir\u00e1 responsabilidad alguna por los contenidos de alg\u00fan enlace perteneciente a un sitio web ajeno, ni garantizar\u00e1 la disponibilidad t\u00e9cnica, calidad, fiabilidad, exactitud, amplitud, veracidad, validez y constitucionalidad de cualquier materia o informaci\u00f3n contenida en ninguno de dichos hiperv\u00ednculos y otros sitios en Internet. Igualmente, la inclusi\u00f3n de estas conexiones externas no implicar\u00e1 ning\u00fan tipo de asociaci\u00f3n, fusi\u00f3n o participaci\u00f3n con las entidades conectadas.<\/span><\/li>\n<\/ol>\n<p><b>DERECHOS DE EXCLUSI\u00d3N<\/b><\/p>\n<ol start=\"9\">\n<li><span style=\"font-weight: 400;\"> EL TITULAR se reserva el derecho a denegar o retirar el acceso a portal y\/o los servicios ofrecidos sin necesidad de advertencia previa, a instancia propia o de un tercero, a aquellos usuarios que incumplan el contenido de este aviso legal.<\/span><\/li>\n<\/ol>\n<p><b>GENERALIDADES<\/b><\/p>\n<ol start=\"10\">\n<li><span style=\"font-weight: 400;\"> EL TITULAR perseguir\u00e1 el incumplimiento de las presentes condiciones as\u00ed como cualquier utilizaci\u00f3n indebida de su portal ejerciendo todas las acciones civiles y penales que le puedan corresponder en derecho.<\/span><\/li>\n<\/ol>\n<p><b>LEGISLACI\u00d3N APLICABLE Y JURISDICCI\u00d3N<\/b><\/p>\n<ol start=\"11\">\n<li><span style=\"font-weight: 400;\"> La relaci\u00f3n entre EL TITULAR y EL USUARIO se regir\u00e1 por la normativa espa\u00f1ola vigente. Todas las disputas y reclamaciones derivadas de este aviso legal se resolver\u00e1n por los juzgados y tribunales espa\u00f1oles.<\/span><\/li>\n<\/ol>\n<p><b>MENORES DE EDAD<\/b><\/p>\n<p>&nbsp;<\/p>\n<ol start=\"12\">\n<li><span style=\"font-weight: 400;\">https:\/\/wellness.otg.global\/\u00a0dirige sus servicios a usuarios mayores de 18 a\u00f1os. Los menores de esta edad no est\u00e1n autorizados a utilizar nuestros servicios y no deber\u00e1n, por tanto, enviarnos sus datos personales. Informamos de que si se da tal circunstancia, ASOCIACI\u00d3N OTG WEST EUROPE no se hace responsable de las posibles consecuencias que pudieran derivarse del incumplimiento del aviso que en esta misma cl\u00e1usula se establece.\u00a0<\/span><\/li>\n<\/ol>\n<p>&nbsp;<\/p>\n<p><span style=\"font-weight: 400;\">\u00daltima revisi\u00f3n: junio 2020<\/span>[\/vc_column_text][\/vc_column][\/vc_row]<\/p>\n","protected":false},"excerpt":{"rendered":"<p>[vc_row][vc_column][vc_column_text]DATOS IDENTIFICATIVOS Usted est\u00e1 visitando la p\u00e1gina web\u00a0 https:\/\/wellness.otg.global\/\u00a0titularidad de ASOCIACION OTG WEST EUROPE, con domicilio social en C\/ PRINCIPE 53, 1 OFICINAS 4-5 (36202 VIGO) PONTEVEDRA, con N.I.F. G27802560, inscrita en el Registro Nacional de Asociaciones Grupo 1 \/ Secci\u00f3n 1\u00aa \/ N\u00famero Nacional 606062, en adelante EL TITULAR. Puede contactar escribiendo a: support@otgwesteurope.eu [&hellip;]<\/p>\n","protected":false},"author":1,"featured_media":0,"parent":0,"menu_order":0,"comment_status":"closed","ping_status":"closed","template":"","meta":[],"yoast_head":"<!-- This site is optimized with the Yoast SEO plugin v19.4 - https:\/\/yoast.com\/wordpress\/plugins\/seo\/ -->\n<title>Aviso Legal - Wellness OTG<\/title>\n<meta name=\"robots\" content=\"index, follow, max-snippet:-1, max-image-preview:large, max-video-preview:-1\" \/>\n<link rel=\"canonical\" href=\"https:\/\/wellness.otg.global\/es\/aviso-legal\/\" \/>\n<meta property=\"og:locale\" content=\"es_ES\" \/>\n<meta property=\"og:type\" content=\"article\" \/>\n<meta property=\"og:title\" content=\"Aviso Legal - Wellness OTG\" \/>\n<meta property=\"og:description\" content=\"[vc_row][vc_column][vc_column_text]DATOS IDENTIFICATIVOS Usted est\u00e1 visitando la p\u00e1gina web\u00a0 https:\/\/wellness.otg.global\/\u00a0titularidad de ASOCIACION OTG WEST EUROPE, con domicilio social en C\/ PRINCIPE 53, 1 OFICINAS 4-5 (36202 VIGO) PONTEVEDRA, con N.I.F. G27802560, inscrita en el Registro Nacional de Asociaciones Grupo 1 \/ Secci\u00f3n 1\u00aa \/ N\u00famero Nacional 606062, en adelante EL TITULAR. Puede contactar escribiendo a: support@otgwesteurope.eu [&hellip;]\" \/>\n<meta property=\"og:url\" content=\"https:\/\/wellness.otg.global\/es\/aviso-legal\/\" \/>\n<meta property=\"og:site_name\" content=\"Wellness OTG\" \/>\n<meta property=\"og:image\" content=\"https:\/\/wellness.otg.global\/wp-content\/uploads\/2020\/09\/fb-otg-logo-wellness.jpg\" \/>\n\t<meta property=\"og:image:width\" content=\"540\" \/>\n\t<meta property=\"og:image:height\" content=\"284\" \/>\n\t<meta property=\"og:image:type\" content=\"image\/jpeg\" \/>\n<meta name=\"twitter:card\" content=\"summary_large_image\" \/>\n<meta name=\"twitter:label1\" content=\"Tiempo de lectura\" \/>\n\t<meta name=\"twitter:data1\" content=\"7 minutos\" \/>\n<script type=\"application\/ld+json\" class=\"yoast-schema-graph\">{\"@context\":\"https:\/\/schema.org\",\"@graph\":[{\"@type\":\"WebSite\",\"@id\":\"http:\/\/34.235.57.152\/#website\",\"url\":\"http:\/\/34.235.57.152\/\",\"name\":\"Wellness OTG\",\"description\":\"\",\"potentialAction\":[{\"@type\":\"SearchAction\",\"target\":{\"@type\":\"EntryPoint\",\"urlTemplate\":\"http:\/\/34.235.57.152\/?s={search_term_string}\"},\"query-input\":\"required name=search_term_string\"}],\"inLanguage\":\"es\"},{\"@type\":\"WebPage\",\"@id\":\"https:\/\/wellness.otg.global\/es\/aviso-legal\/\",\"url\":\"https:\/\/wellness.otg.global\/es\/aviso-legal\/\",\"name\":\"Aviso Legal - Wellness OTG\",\"isPartOf\":{\"@id\":\"http:\/\/34.235.57.152\/#website\"},\"datePublished\":\"2020-12-11T20:18:36+00:00\",\"dateModified\":\"2020-12-11T20:18:36+00:00\",\"breadcrumb\":{\"@id\":\"https:\/\/wellness.otg.global\/es\/aviso-legal\/#breadcrumb\"},\"inLanguage\":\"es\",\"potentialAction\":[{\"@type\":\"ReadAction\",\"target\":[\"https:\/\/wellness.otg.global\/es\/aviso-legal\/\"]}]},{\"@type\":\"BreadcrumbList\",\"@id\":\"https:\/\/wellness.otg.global\/es\/aviso-legal\/#breadcrumb\",\"itemListElement\":[{\"@type\":\"ListItem\",\"position\":1,\"name\":\"Home\",\"item\":\"https:\/\/wellness.otg.global\/es\/\"},{\"@type\":\"ListItem\",\"position\":2,\"name\":\"Aviso Legal\"}]}]}<\/script>\n<!-- \/ Yoast SEO plugin. -->","yoast_head_json":{"title":"Aviso Legal - Wellness OTG","robots":{"index":"index","follow":"follow","max-snippet":"max-snippet:-1","max-image-preview":"max-image-preview:large","max-video-preview":"max-video-preview:-1"},"canonical":"https:\/\/wellness.otg.global\/es\/aviso-legal\/","og_locale":"es_ES","og_type":"article","og_title":"Aviso Legal - Wellness OTG","og_description":"[vc_row][vc_column][vc_column_text]DATOS IDENTIFICATIVOS Usted est\u00e1 visitando la p\u00e1gina web\u00a0 https:\/\/wellness.otg.global\/\u00a0titularidad de ASOCIACION OTG WEST EUROPE, con domicilio social en C\/ PRINCIPE 53, 1 OFICINAS 4-5 (36202 VIGO) PONTEVEDRA, con N.I.F. G27802560, inscrita en el Registro Nacional de Asociaciones Grupo 1 \/ Secci\u00f3n 1\u00aa \/ N\u00famero Nacional 606062, en adelante EL TITULAR. Puede contactar escribiendo a: support@otgwesteurope.eu [&hellip;]","og_url":"https:\/\/wellness.otg.global\/es\/aviso-legal\/","og_site_name":"Wellness OTG","og_image":[{"width":540,"height":284,"url":"https:\/\/wellness.otg.global\/wp-content\/uploads\/2020\/09\/fb-otg-logo-wellness.jpg","type":"image\/jpeg"}],"twitter_card":"summary_large_image","twitter_misc":{"Tiempo de lectura":"7 minutos"},"schema":{"@context":"https:\/\/schema.org","@graph":[{"@type":"WebSite","@id":"http:\/\/34.235.57.152\/#website","url":"http:\/\/34.235.57.152\/","name":"Wellness OTG","description":"","potentialAction":[{"@type":"SearchAction","target":{"@type":"EntryPoint","urlTemplate":"http:\/\/34.235.57.152\/?s={search_term_string}"},"query-input":"required name=search_term_string"}],"inLanguage":"es"},{"@type":"WebPage","@id":"https:\/\/wellness.otg.global\/es\/aviso-legal\/","url":"https:\/\/wellness.otg.global\/es\/aviso-legal\/","name":"Aviso Legal - Wellness OTG","isPartOf":{"@id":"http:\/\/34.235.57.152\/#website"},"datePublished":"2020-12-11T20:18:36+00:00","dateModified":"2020-12-11T20:18:36+00:00","breadcrumb":{"@id":"https:\/\/wellness.otg.global\/es\/aviso-legal\/#breadcrumb"},"inLanguage":"es","potentialAction":[{"@type":"ReadAction","target":["https:\/\/wellness.otg.global\/es\/aviso-legal\/"]}]},{"@type":"BreadcrumbList","@id":"https:\/\/wellness.otg.global\/es\/aviso-legal\/#breadcrumb","itemListElement":[{"@type":"ListItem","position":1,"name":"Home","item":"https:\/\/wellness.otg.global\/es\/"},{"@type":"ListItem","position":2,"name":"Aviso Legal"}]}]}},"_links":{"self":[{"href":"https:\/\/wellness.otg.global\/es\/wp-json\/wp\/v2\/pages\/1796"}],"collection":[{"href":"https:\/\/wellness.otg.global\/es\/wp-json\/wp\/v2\/pages"}],"about":[{"href":"https:\/\/wellness.otg.global\/es\/wp-json\/wp\/v2\/types\/page"}],"author":[{"embeddable":true,"href":"https:\/\/wellness.otg.global\/es\/wp-json\/wp\/v2\/users\/1"}],"replies":[{"embeddable":true,"href":"https:\/\/wellness.otg.global\/es\/wp-json\/wp\/v2\/comments?post=1796"}],"version-history":[{"count":1,"href":"https:\/\/wellness.otg.global\/es\/wp-json\/wp\/v2\/pages\/1796\/revisions"}],"predecessor-version":[{"id":1797,"href":"https:\/\/wellness.otg.global\/es\/wp-json\/wp\/v2\/pages\/1796\/revisions\/1797"}],"wp:attachment":[{"href":"https:\/\/wellness.otg.global\/es\/wp-json\/wp\/v2\/media?parent=1796"}],"curies":[{"name":"wp","href":"https:\/\/api.w.org\/{rel}","templated":true}]}}