{"id":4214,"date":"2025-06-26T18:52:06","date_gmt":"2025-06-26T18:52:06","guid":{"rendered":"https:\/\/wellness.otg.global\/ultimate-biohacking\/"},"modified":"2026-04-17T15:53:11","modified_gmt":"2026-04-17T15:53:11","slug":"ultimate-biohacking","status":"publish","type":"page","link":"https:\/\/wellness.otg.global\/es\/","title":{"rendered":"Ultimate Biohacking"},"content":{"rendered":"<p>[vc_row][vc_column][vc_video link=\u00bbhttps:\/\/vimeo.com\/1096312837\/4cbd66e7f3?share=copy\u00bb][\/vc_column][\/vc_row][vc_row][vc_column][vc_empty_space][\/vc_column][\/vc_row][vc_row][vc_column][vc_column_text]<\/p>\n<h4>PRYSM iO\u2122 \u2013 La herramienta definitiva de biohacking<\/h4>\n<p><span data-sheets-root=\"1\">\u00bfAlguna vez te has preguntado si tu dieta o tus suplementos realmente est\u00e1n funcionando?<br \/>\nEl primer paso es saber si se est\u00e1n absorbiendo.<\/span><\/p>\n<p><span data-sheets-root=\"1\">PRYSM iO\u2122 es un dispositivo de bienestar de \u00faltima generaci\u00f3n dise\u00f1ado para ayudarte a medir y optimizar tu Scanner Caretenoid Score (SCS), comenzando con un simple escaneo del dedo. En solo 15 segundos, mide los niveles de carotenoides* en tu piel, proporcionando informaci\u00f3n en tiempo real sobre si los carotenoides de tu dieta y suplementos est\u00e1n siendo absorbidos.<\/span><\/p>\n<p><span data-sheets-root=\"1\">Cada escaneo te proporciona un Prysm Score personalizado que te ayuda a entender si tu dieta y suplementaci\u00f3n est\u00e1n teniendo impacto. Con un seguimiento regular, puedes ajustar tu nutrici\u00f3n y suplementaci\u00f3n para apoyar mejor tus objetivos de bienestar.<\/span><\/p>\n<p>&nbsp;<\/p>\n<h4>Un legado de innovaci\u00f3n<\/h4>\n<p>Respaldado por m\u00e1s de 20 a\u00f1os de experiencia de Nu Skin y Pharmanex en tecnolog\u00eda de medici\u00f3n de carotenoides. Introducido hace dos d\u00e9cadas, el Pharmanex BioPhotonic Scanner estableci\u00f3 nuevos est\u00e1ndares en la industria de los suplementos al permitir la medici\u00f3n no invasiva de los niveles de carotenoides*, ofreciendo una forma sencilla de ver c\u00f3mo se absorben los suplementos.<\/p>\n<p>El Pharmanex BioPhotonic Scanner y los beneficios de los carotenoides* est\u00e1n respaldados por:<\/p>\n<p><strong>\u2022 110 estudios cl\u00ednicos<\/strong><\/p>\n<p><strong>\u2022 180 publicaciones cient\u00edficas<\/strong><\/p>\n<p>\u2022\u00a0<strong>18 patentes<\/strong><\/p>\n<p>\u2022<strong> 26 millones de escaneos BioPhotonic en 15 millones de personas<\/strong><\/p>\n<p><span data-sheets-root=\"1\">\u2014y mejorado con IA y aprendizaje autom\u00e1tico, PRYSM iO\u2122 est\u00e1 preparado para redefinir una vez m\u00e1s el bienestar personalizado<\/span><\/p>\n<p>&nbsp;<\/p>\n<p>&nbsp;<\/p>\n<p>&nbsp;<\/p>\n<h4>\u00bfQu\u00e9 impulsa PRYSM iO\u2122?<\/h4>\n<p>&nbsp;<\/p>\n<p><strong>\u2022 Tecnolog\u00eda Spectral RAI\u2122 (patente en tr\u00e1mite):<\/strong><br \/>\nProporciona m\u00e1s de <strong>100.000 puntos de datos de absorci\u00f3n hiperespectral por escaneo<\/strong> (m\u00e1s de 6.000 por segundo), capturando firmas detalladas de absorci\u00f3n de luz en la piel.<\/p>\n<p><strong>\u2022 Algoritmo avanzado de IA:<\/strong><br \/>\nSe basa en principios de <strong>espectroscop\u00eda Raman<\/strong> para convertir los datos de luz en tu Prysm Score personalizado (SCS): preciso, revelador y accionable.<\/p>\n<p><strong>\u2022 Sistema \u00f3ptico basado en LED:<\/strong><br \/>\nUtiliza una matriz de m\u00faltiples LED para medir con precisi\u00f3n los carotenoides* y filtrar interferencias de otros marcadores biol\u00f3gicos, garantizando resultados fiables en cada medici\u00f3n.<\/p>\n<p>&nbsp;<\/p>\n<p>&nbsp;<\/p>\n<p>&nbsp;<\/p>\n<h4><strong>En resumen<\/strong><\/h4>\n<p><strong>PRYSM iO\u2122<\/strong> se basa en d\u00e9cadas de <strong>investigaci\u00f3n cient\u00edfica<\/strong> y<strong> tecnolog\u00eda innovadora<\/strong> para ayudarte a medir los<strong> niveles de carotenoides<\/strong> y controlar el impacto de tu <strong>dieta<\/strong> y tus<strong> suplementos<\/strong> en tu <strong>Prysm Score.<\/strong><\/p>\n<p>No es solo un esc\u00e1ner.<br \/>\nEs una herramienta innovadora dise\u00f1ada para quienes desean hacer seguimiento de su <strong>estado nutricional<\/strong> y tomar <strong>decisiones informadas sobre su alimentaci\u00f3n.<\/strong><\/p>\n<p><span data-sheets-root=\"1\">\u00a0<\/span><\/p>\n<p><span data-sheets-root=\"1\">*Los carotenoides son <strong>potentes antioxidantes<\/strong> y abarcan una amplia familia de compuestos qu\u00edmicos.<br \/>\nLos m\u00e1s conocidos son: alfa-caroteno, beta-caroteno, lute\u00edna, licopeno, zeaxantina y astaxantina. Son pigmentos org\u00e1nicos de color amarillo, naranja y rojo producidos por plantas y algas, as\u00ed como por algunas bacterias, arqueas y hongos. Los carotenoides son responsables del color caracter\u00edstico de alimentos y seres vivos como: calabazas, zanahorias, tomates, flamencos, salm\u00f3n, gambas, etc.<\/span>[\/vc_column_text][vc_empty_space][\/vc_column][\/vc_row]<\/p>\n","protected":false},"excerpt":{"rendered":"<p>[vc_row][vc_column][vc_video link=\u00bbhttps:\/\/vimeo.com\/1096312837\/4cbd66e7f3?share=copy\u00bb][\/vc_column][\/vc_row][vc_row][vc_column][vc_empty_space][\/vc_column][\/vc_row][vc_row][vc_column][vc_column_text] PRYSM iO\u2122 \u2013 La herramienta definitiva de biohacking \u00bfAlguna vez te has preguntado si tu dieta o tus suplementos realmente est\u00e1n funcionando? El primer paso es saber si se est\u00e1n absorbiendo. PRYSM iO\u2122 es un dispositivo de bienestar de \u00faltima generaci\u00f3n dise\u00f1ado para ayudarte a medir y optimizar tu Scanner Caretenoid Score (SCS), [&hellip;]<\/p>\n","protected":false},"author":1,"featured_media":0,"parent":0,"menu_order":0,"comment_status":"closed","ping_status":"closed","template":"page-home.php","meta":[],"yoast_head":"<!-- This site is optimized with the Yoast SEO plugin v19.4 - https:\/\/yoast.com\/wordpress\/plugins\/seo\/ -->\n<title>Ultimate Biohacking - Wellness OTG<\/title>\n<meta name=\"robots\" content=\"index, follow, max-snippet:-1, max-image-preview:large, max-video-preview:-1\" \/>\n<link rel=\"canonical\" href=\"https:\/\/wellness.otg.global\/es\/\" \/>\n<meta property=\"og:locale\" content=\"es_ES\" \/>\n<meta property=\"og:type\" content=\"article\" \/>\n<meta property=\"og:title\" content=\"Ultimate Biohacking - Wellness OTG\" \/>\n<meta property=\"og:description\" content=\"[vc_row][vc_column][vc_video link=\u00bbhttps:\/\/vimeo.com\/1096312837\/4cbd66e7f3?share=copy\u00bb][\/vc_column][\/vc_row][vc_row][vc_column][vc_empty_space][\/vc_column][\/vc_row][vc_row][vc_column][vc_column_text] PRYSM iO\u2122 \u2013 La herramienta definitiva de biohacking \u00bfAlguna vez te has preguntado si tu dieta o tus suplementos realmente est\u00e1n funcionando? El primer paso es saber si se est\u00e1n absorbiendo. PRYSM iO\u2122 es un dispositivo de bienestar de \u00faltima generaci\u00f3n dise\u00f1ado para ayudarte a medir y optimizar tu Scanner Caretenoid Score (SCS), [&hellip;]\" \/>\n<meta property=\"og:url\" content=\"https:\/\/wellness.otg.global\/es\/\" \/>\n<meta property=\"og:site_name\" content=\"Wellness OTG\" \/>\n<meta property=\"article:modified_time\" content=\"2026-04-17T15:53:11+00:00\" \/>\n<meta property=\"og:image\" content=\"http:\/\/34.235.57.152\/wp-content\/uploads\/2020\/09\/fb-otg-logo-wellness.jpg\" \/>\n\t<meta property=\"og:image:width\" content=\"540\" \/>\n\t<meta property=\"og:image:height\" content=\"284\" \/>\n\t<meta property=\"og:image:type\" content=\"image\/jpeg\" \/>\n<meta name=\"twitter:card\" content=\"summary_large_image\" \/>\n<meta name=\"twitter:image\" content=\"https:\/\/wellness.otg.global\/wp-content\/uploads\/2020\/09\/fb-otg-logo-wellness.jpg\" \/>\n<meta name=\"twitter:label1\" content=\"Tiempo de lectura\" \/>\n\t<meta name=\"twitter:data1\" content=\"3 minutos\" \/>\n<script type=\"application\/ld+json\" class=\"yoast-schema-graph\">{\"@context\":\"https:\/\/schema.org\",\"@graph\":[{\"@type\":\"WebSite\",\"@id\":\"https:\/\/www.wellness.otg.global\/fr\/#website\",\"url\":\"https:\/\/www.wellness.otg.global\/fr\/\",\"name\":\"Wellness OTG\",\"description\":\"\",\"potentialAction\":[{\"@type\":\"SearchAction\",\"target\":{\"@type\":\"EntryPoint\",\"urlTemplate\":\"https:\/\/www.wellness.otg.global\/fr\/?s={search_term_string}\"},\"query-input\":\"required name=search_term_string\"}],\"inLanguage\":\"es\"},{\"@type\":\"WebPage\",\"@id\":\"https:\/\/wellness.otg.global\/es\/\",\"url\":\"https:\/\/wellness.otg.global\/es\/\",\"name\":\"Ultimate Biohacking - Wellness OTG\",\"isPartOf\":{\"@id\":\"https:\/\/www.wellness.otg.global\/fr\/#website\"},\"datePublished\":\"2025-06-26T18:52:06+00:00\",\"dateModified\":\"2026-04-17T15:53:11+00:00\",\"breadcrumb\":{\"@id\":\"https:\/\/wellness.otg.global\/es\/#breadcrumb\"},\"inLanguage\":\"es\",\"potentialAction\":[{\"@type\":\"ReadAction\",\"target\":[\"https:\/\/wellness.otg.global\/es\/\"]}]},{\"@type\":\"BreadcrumbList\",\"@id\":\"https:\/\/wellness.otg.global\/es\/#breadcrumb\",\"itemListElement\":[{\"@type\":\"ListItem\",\"position\":1,\"name\":\"Home\",\"item\":\"http:\/\/34.235.57.152\/es\/\"},{\"@type\":\"ListItem\",\"position\":2,\"name\":\"Ultimate Biohacking\"}]}]}<\/script>\n<!-- \/ Yoast SEO plugin. -->","yoast_head_json":{"title":"Ultimate Biohacking - Wellness OTG","robots":{"index":"index","follow":"follow","max-snippet":"max-snippet:-1","max-image-preview":"max-image-preview:large","max-video-preview":"max-video-preview:-1"},"canonical":"https:\/\/wellness.otg.global\/es\/","og_locale":"es_ES","og_type":"article","og_title":"Ultimate Biohacking - Wellness OTG","og_description":"[vc_row][vc_column][vc_video link=\u00bbhttps:\/\/vimeo.com\/1096312837\/4cbd66e7f3?share=copy\u00bb][\/vc_column][\/vc_row][vc_row][vc_column][vc_empty_space][\/vc_column][\/vc_row][vc_row][vc_column][vc_column_text] PRYSM iO\u2122 \u2013 La herramienta definitiva de biohacking \u00bfAlguna vez te has preguntado si tu dieta o tus suplementos realmente est\u00e1n funcionando? El primer paso es saber si se est\u00e1n absorbiendo. PRYSM iO\u2122 es un dispositivo de bienestar de \u00faltima generaci\u00f3n dise\u00f1ado para ayudarte a medir y optimizar tu Scanner Caretenoid Score (SCS), [&hellip;]","og_url":"https:\/\/wellness.otg.global\/es\/","og_site_name":"Wellness OTG","article_modified_time":"2026-04-17T15:53:11+00:00","og_image":[{"width":540,"height":284,"url":"http:\/\/34.235.57.152\/wp-content\/uploads\/2020\/09\/fb-otg-logo-wellness.jpg","type":"image\/jpeg"}],"twitter_card":"summary_large_image","twitter_image":"https:\/\/wellness.otg.global\/wp-content\/uploads\/2020\/09\/fb-otg-logo-wellness.jpg","twitter_misc":{"Tiempo de lectura":"3 minutos"},"schema":{"@context":"https:\/\/schema.org","@graph":[{"@type":"WebSite","@id":"https:\/\/www.wellness.otg.global\/fr\/#website","url":"https:\/\/www.wellness.otg.global\/fr\/","name":"Wellness OTG","description":"","potentialAction":[{"@type":"SearchAction","target":{"@type":"EntryPoint","urlTemplate":"https:\/\/www.wellness.otg.global\/fr\/?s={search_term_string}"},"query-input":"required name=search_term_string"}],"inLanguage":"es"},{"@type":"WebPage","@id":"https:\/\/wellness.otg.global\/es\/","url":"https:\/\/wellness.otg.global\/es\/","name":"Ultimate Biohacking - Wellness OTG","isPartOf":{"@id":"https:\/\/www.wellness.otg.global\/fr\/#website"},"datePublished":"2025-06-26T18:52:06+00:00","dateModified":"2026-04-17T15:53:11+00:00","breadcrumb":{"@id":"https:\/\/wellness.otg.global\/es\/#breadcrumb"},"inLanguage":"es","potentialAction":[{"@type":"ReadAction","target":["https:\/\/wellness.otg.global\/es\/"]}]},{"@type":"BreadcrumbList","@id":"https:\/\/wellness.otg.global\/es\/#breadcrumb","itemListElement":[{"@type":"ListItem","position":1,"name":"Home","item":"http:\/\/34.235.57.152\/es\/"},{"@type":"ListItem","position":2,"name":"Ultimate Biohacking"}]}]}},"_links":{"self":[{"href":"https:\/\/wellness.otg.global\/es\/wp-json\/wp\/v2\/pages\/4214"}],"collection":[{"href":"https:\/\/wellness.otg.global\/es\/wp-json\/wp\/v2\/pages"}],"about":[{"href":"https:\/\/wellness.otg.global\/es\/wp-json\/wp\/v2\/types\/page"}],"author":[{"embeddable":true,"href":"https:\/\/wellness.otg.global\/es\/wp-json\/wp\/v2\/users\/1"}],"replies":[{"embeddable":true,"href":"https:\/\/wellness.otg.global\/es\/wp-json\/wp\/v2\/comments?post=4214"}],"version-history":[{"count":2,"href":"https:\/\/wellness.otg.global\/es\/wp-json\/wp\/v2\/pages\/4214\/revisions"}],"predecessor-version":[{"id":4439,"href":"https:\/\/wellness.otg.global\/es\/wp-json\/wp\/v2\/pages\/4214\/revisions\/4439"}],"wp:attachment":[{"href":"https:\/\/wellness.otg.global\/es\/wp-json\/wp\/v2\/media?parent=4214"}],"curies":[{"name":"wp","href":"https:\/\/api.w.org\/{rel}","templated":true}]}}